{"id":1893,"date":"2020-02-27T23:33:47","date_gmt":"2020-02-27T22:33:47","guid":{"rendered":"https:\/\/oswiataberlin.de\/?page_id=1893"},"modified":"2026-02-14T13:09:54","modified_gmt":"2026-02-14T12:09:54","slug":"kontakt","status":"publish","type":"page","link":"https:\/\/oswiataberlin.de\/de\/kontakt\/","title":{"rendered":"KONTAKT"},"content":{"rendered":"<div class=\"wpb-content-wrapper\"><p>[vc_row full_width=&#8220;stretch_row&#8220;][vc_column][trx_sc_layouts layout=&#8220;1700&#8243;][\/vc_column][\/vc_row][vc_row][vc_column width=&#8220;1\/2&#8243;][vc_empty_space height=&#8220;10px&#8220; alter_height=&#8220;large&#8220; hide_on_mobile=&#8220;&#8220;][vc_row_inner][vc_column_inner][vc_column_text]<\/p>\n<h4><span style=\"font-size: 18pt;\">KONTAKT<\/span><\/h4>\n<p>[\/vc_column_text][vc_empty_space height=&#8220;10px&#8220; alter_height=&#8220;small&#8220; hide_on_mobile=&#8220;&#8220;][vc_column_text]<strong>Polnischer Schulverein &#8222;O\u015bwiata&#8220; in Berlin<\/strong><\/p>\n<p>Lichtenrader Str. 42, 12049 Berlin.<\/p>\n<p>tel. 030 62708745<\/p>\n<p>Godziny otwarcia biura \/\u00d6ffnungszeiten:<\/p>\n<p>poniedzia\u0142ek\/Montag:\u00a0 \u00a0 \u00a009:00-13:00<\/p>\n<p>wtorek\/Dienstag:\u00a0 \u00a0 \u00a0 \u00a0 \u00a0 \u00a0 \u00a009:00-13:00<\/p>\n<p>\u015broda\/Mittwoch:\u00a0 \u00a0 \u00a0 \u00a0 \u00a0 \u00a0 \u00a0 \u00a009:00-17:00<\/p>\n<p>czwartek\/Donnerstag:\u00a0 \u00a0 11:00-14:00<\/p>\n<p>pi\u0105tek\/Freitag: \u00a0 \u00a0 \u00a0 \u00a0 \u00a0 \u00a0 \u00a0 \u00a0 09:00-13:00<\/p>\n<p>W innych godzinach, tylko po wcze\u015bniejszym ustaleniu terminu. Zu anderen Zeiten nur nach Vereinbarung.<\/p>\n<p>W czasie ferii, wakacji i \u015bwi\u0105t biuro O\u015bwiaty jest zamkni\u0119te. Das B\u00fcro ist w\u00e4hrend der Ferien und an den Feiertagen geschlossen.<\/p>\n<p><strong>Notfallkontakt Izabela Mischke: <span style=\"color: #ff0000;\">+49 1732199074<\/span><\/strong><\/p>\n<p>&nbsp;<\/p>\n<p><strong>\u00a0<\/strong><strong>Email:\u00a0<span id=\"cloakba65da7d14872f8feaa165ab917666c5\"><a href=\"mailto:oswiataberlin@web.de\">oswiataberlin@web.de<\/a><\/span><\/strong><\/p>\n<p><strong>Web:\u00a0<a href=\"http:\/\/www.oswiataberlin.de\/\" target=\"psv\" rel=\"noopener noreferrer\">www.oswiataberlin.de<\/a><\/strong><\/p>\n<p><strong>Facebook:\u00a0<a href=\"https:\/\/de-de.facebook.com\/PTS.Oswiata.Berlin\/\" target=\"fb\" rel=\"noopener noreferrer\">PTS.Oswiata<\/a><\/strong><\/p>\n<p>&nbsp;<\/p>\n<p><strong>Bankverbindung: Polnischer Schulverein &#8222;O\u015bwiata&#8220;<\/strong><br \/>\nBank f\u00fcr Sozialwirtschaft<br \/>\nIBAN:\u00a0<b>DE57 10020500 0003294900<\/b><br \/>\nBIC:\u00a0<b>BFSWDE33BER<\/b>[\/vc_column_text][vc_column_text]<strong>Polnischer Schulverein &#8222;O\u015bwiata&#8220; in Berlin<\/strong><\/p>\n<p>Lichtenrader Str. 42, 12049 Berlin.<\/p>\n<p>tel. 030 62708745<\/p>\n<p>Godziny otwarcia biura \/\u00d6ffnungszeiten:<\/p>\n<p>poniedzia\u0142ek\/Montag:\u00a0 \u00a0 \u00a009:00-13:00<\/p>\n<p>wtorek\/Dienstag:\u00a0 \u00a0 \u00a0 \u00a0 \u00a0 \u00a0 \u00a009:00-13:00<\/p>\n<p>\u015broda\/Mittwoch: \u00a0 \u00a0 \u00a0 \u00a0 \u00a0 \u00a0 \u00a0 11:00-17:00<\/p>\n<p>czwartek\/Donnerstag: \u00a0 \u00a009:00-14:00<\/p>\n<p>pi\u0105tek\/Freitag: \u00a0 \u00a0 \u00a0 \u00a0 \u00a0 \u00a0 \u00a0 \u00a0 09:00-13:00<\/p>\n<p>W innych godzinach, tylko po wcze\u015bniejszym ustaleniu terminu. Zu anderen Zeiten nur nach Vereinbarung.<\/p>\n<p>W czasie ferii, wakacji i \u015bwi\u0105t biuro O\u015bwiaty jest zamkni\u0119te. Das B\u00fcro ist w\u00e4hrend der Ferien und an den Feiertagen geschlossen.<\/p>\n<p><strong>Notfallkontakt Izabela Mischke: <span style=\"color: #ff0000;\">+49 1732199074<\/span><\/strong><\/p>\n<p>&nbsp;<\/p>\n<p><strong>\u00a0<\/strong><strong>Email:\u00a0<span id=\"cloakba65da7d14872f8feaa165ab917666c5\"><a href=\"mailto:oswiataberlin@web.de\">oswiataberlin@web.de<\/a><\/span><\/strong><\/p>\n<p><strong>Web:\u00a0<a href=\"http:\/\/www.oswiataberlin.de\/\" target=\"psv\" rel=\"noopener noreferrer\">www.oswiataberlin.de<\/a><\/strong><\/p>\n<p><strong>Facebook:\u00a0<a href=\"https:\/\/de-de.facebook.com\/PTS.Oswiata.Berlin\/\" target=\"fb\" rel=\"noopener noreferrer\">PTS.Oswiata<\/a><\/strong><\/p>\n<p>&nbsp;<\/p>\n<p><strong>Bankverbindung: Polnischer Schulverein &#8222;O\u015bwiata&#8220;<\/strong><br \/>\nBank f\u00fcr Sozialwirtschaft<br \/>\nIBAN:\u00a0<b>DE57 10020500 0003294900<\/b><br \/>\nBIC:\u00a0<b>BFSWDE33BER<\/b>[\/vc_column_text][\/vc_column_inner][\/vc_row_inner][\/vc_column][vc_column width=&#8220;1\/2&#8243;][vc_empty_space alter_height=&#8220;large&#8220; hide_on_mobile=&#8220;&#8220;][vc_empty_space alter_height=&#8220;large&#8220; hide_on_mobile=&#8220;&#8220;][\/vc_column][\/vc_row][vc_row full_width=&#8220;stretch_row_content_no_spaces&#8220; css=&#8220;.vc_custom_1576010691708{background-color: #f2f2f2 !important;}&#8220;][vc_column][trx_sc_googlemap style=&#8220;greyscale&#8220; height=&#8220;650&#8243; markers=&#8220;%5B%7B%22address%22%3A%22Lichtenrader%20Str.%2042%2C%2012049%20Berlin%22%2C%22icon%22%3A%221807%22%2C%22description%22%3A%22%23E-8_JTNDYiUzRVBvbG5pc2NoZXIlMjBTY2h1bHZlcmVpbiUyMCUyMk8lQzUlOUFXSUFUQSUyMiUyMCUwQWluJTIwQmVybGluJTIwZS5WLiUzQyUyRmIlM0UlM0NiciUzRSUwQUxpY2h0ZW5yYWRlciUyMFN0ci4lMjA0MiUzQ2JyJTNFJTBBMTIwNDklMjBCZXJsaW4%3D%22%7D%5D&#8220; title_style=&#8220;default&#8220;][vc_empty_space][\/trx_sc_googlemap][\/vc_column][\/vc_row]<\/p>\n<\/div>","protected":false},"excerpt":{"rendered":"<p>[vc_row full_width=&#8220;stretch_row&#8220;][vc_column][trx_sc_layouts layout=&#8220;1700&#8243;][\/vc_column][\/vc_row][vc_row][vc_column width=&#8220;1\/2&#8243;][vc_empty_space height=&#8220;10px&#8220; alter_height=&#8220;large&#8220; hide_on_mobile=&#8220;&#8220;][vc_row_inner][vc_column_inner][vc_column_text] KONTAKT [\/vc_column_text][vc_empty_space height=&#8220;10px&#8220; alter_height=&#8220;small&#8220; hide_on_mobile=&#8220;&#8220;][vc_column_text]Polnischer Schulverein &#8222;O\u015bwiata&#8220; in Berlin Lichtenrader Str. 42, 12049 Berlin. tel. 030 62708745 Godziny otwarcia biura \/\u00d6ffnungszeiten: poniedzia\u0142ek\/Montag:\u00a0 \u00a0 \u00a009:00-13:00 wtorek\/Dienstag:\u00a0 \u00a0 \u00a0 \u00a0 \u00a0 \u00a0 \u00a009:00-13:00 \u015broda\/Mittwoch:\u00a0 \u00a0 \u00a0 \u00a0 \u00a0 \u00a0 \u00a0 \u00a009:00-17:00 czwartek\/Donnerstag:\u00a0 \u00a0 11:00-14:00 pi\u0105tek\/Freitag: \u00a0 \u00a0 \u00a0 \u00a0 \u00a0 [&hellip;]<\/p>\n","protected":false},"author":1,"featured_media":0,"parent":0,"menu_order":0,"comment_status":"closed","ping_status":"closed","template":"","meta":{"two_page_speed":[],"footnotes":""},"class_list":["post-1893","page","type-page","status-publish","hentry"],"translation":{"provider":"WPGlobus","version":"3.0.2","language":"de","enabled_languages":["pl","de"],"languages":{"pl":{"title":true,"content":true,"excerpt":false},"de":{"title":true,"content":true,"excerpt":false}}},"_links":{"self":[{"href":"https:\/\/oswiataberlin.de\/de\/wp-json\/wp\/v2\/pages\/1893","targetHints":{"allow":["GET"]}}],"collection":[{"href":"https:\/\/oswiataberlin.de\/de\/wp-json\/wp\/v2\/pages"}],"about":[{"href":"https:\/\/oswiataberlin.de\/de\/wp-json\/wp\/v2\/types\/page"}],"author":[{"embeddable":true,"href":"https:\/\/oswiataberlin.de\/de\/wp-json\/wp\/v2\/users\/1"}],"replies":[{"embeddable":true,"href":"https:\/\/oswiataberlin.de\/de\/wp-json\/wp\/v2\/comments?post=1893"}],"version-history":[{"count":69,"href":"https:\/\/oswiataberlin.de\/de\/wp-json\/wp\/v2\/pages\/1893\/revisions"}],"predecessor-version":[{"id":9635,"href":"https:\/\/oswiataberlin.de\/de\/wp-json\/wp\/v2\/pages\/1893\/revisions\/9635"}],"wp:attachment":[{"href":"https:\/\/oswiataberlin.de\/de\/wp-json\/wp\/v2\/media?parent=1893"}],"curies":[{"name":"wp","href":"https:\/\/api.w.org\/{rel}","templated":true}]}}