{"id":1248,"date":"2018-10-06T14:00:59","date_gmt":"2018-10-06T12:00:59","guid":{"rendered":"https:\/\/oswiataberlin.de\/?page_id=1248"},"modified":"2020-02-26T23:28:51","modified_gmt":"2020-02-26T22:28:51","slug":"impressum","status":"publish","type":"page","link":"https:\/\/oswiataberlin.de\/de\/impressum\/","title":{"rendered":"IMPRESSUM"},"content":{"rendered":"<div class=\"wpb-content-wrapper\"><p>[vc_row full_width=&#8220;stretch_row&#8220;][vc_column][trx_sc_layouts layout=&#8220;1700&#8243;][\/vc_column][\/vc_row][vc_row][vc_column width=&#8220;1\/2&#8243;][vc_empty_space alter_height=&#8220;large&#8220; hide_on_mobile=&#8220;&#8220;][vc_row_inner][vc_column_inner][vc_column_text]<\/p>\n<h4><span style=\"font-size: 18pt;\">IMPRESSUM:<\/span><\/h4>\n<p>[\/vc_column_text][vc_empty_space alter_height=&#8220;small&#8220; hide_on_mobile=&#8220;&#8220;][vc_column_text]<strong>Polnischer Schulverein &#8222;O\u015bwiata&#8220; in Berlin<\/strong><\/p>\n<p>Lichtenrader Str. 42, 12049 Berlin.<\/p>\n<p>&nbsp;<\/p>\n<p><strong>Telefon: +49 30 62708745<br \/>\n<\/strong>kontakt telefoniczny mo\u017cliwy w poniedzia\u0142ki i czwartki w godz.12\u201314<strong><br \/>\n<\/strong><\/p>\n<p><strong>Email:\u00a0<span id=\"cloakba65da7d14872f8feaa165ab917666c5\"><a href=\"mailto:oswiataberlin@web.de\">oswiataberlin@web.de<\/a><\/span><\/strong><\/p>\n<p><strong>Web:\u00a0<a href=\"http:\/\/www.oswiataberlin.de\/\" target=\"psv\" rel=\"noopener noreferrer\">www.oswiataberlin.de<\/a><\/strong><\/p>\n<p><strong>Facebook:\u00a0<a href=\"https:\/\/de-de.facebook.com\/PTS.Oswiata.Berlin\/\" target=\"fb\" rel=\"noopener noreferrer\">PTS.Oswiata<\/a><\/strong><\/p>\n<p>&nbsp;<\/p>\n<p><strong>Bankverbindung: Polnischer Schulverein &#8222;O\u015bwiata&#8220;<\/strong><br \/>\nBank f\u00fcr Sozialwirtschaft<br \/>\nIBAN:\u00a0<b>DE57 10020500 0003294900<\/b><br \/>\nBIC:\u00a0<b>BFSWDE33BER<\/b>[\/vc_column_text][\/vc_column_inner][\/vc_row_inner][vc_empty_space alter_height=&#8220;large&#8220; hide_on_mobile=&#8220;&#8220;][\/vc_column][vc_column width=&#8220;1\/2&#8243;][vc_empty_space alter_height=&#8220;large&#8220; hide_on_mobile=&#8220;&#8220;][vc_single_image image=&#8220;1475&#8243; img_size=&#8220;full&#8220; alignment=&#8220;right&#8220;][vc_empty_space alter_height=&#8220;large&#8220; hide_on_mobile=&#8220;&#8220;][\/vc_column][\/vc_row]<\/p>\n<\/div>","protected":false},"excerpt":{"rendered":"<p>[vc_row full_width=&#8220;stretch_row&#8220;][vc_column][trx_sc_layouts layout=&#8220;1700&#8243;][\/vc_column][\/vc_row][vc_row][vc_column width=&#8220;1\/2&#8243;][vc_empty_space alter_height=&#8220;large&#8220; hide_on_mobile=&#8220;&#8220;][vc_row_inner][vc_column_inner][vc_column_text] IMPRESSUM: [\/vc_column_text][vc_empty_space alter_height=&#8220;small&#8220; hide_on_mobile=&#8220;&#8220;][vc_column_text]Polnischer Schulverein &#8222;O\u015bwiata&#8220; in Berlin Lichtenrader Str. 42, 12049 Berlin. &nbsp; Telefon: +49 30 62708745 kontakt telefoniczny mo\u017cliwy w poniedzia\u0142ki i czwartki w godz.12\u201314 Email:\u00a0oswiataberlin@web.de Web:\u00a0www.oswiataberlin.de Facebook:\u00a0PTS.Oswiata &nbsp; Bankverbindung: Polnischer Schulverein &#8222;O\u015bwiata&#8220; Bank f\u00fcr Sozialwirtschaft IBAN:\u00a0DE57 10020500 0003294900 BIC:\u00a0BFSWDE33BER[\/vc_column_text][\/vc_column_inner][\/vc_row_inner][vc_empty_space alter_height=&#8220;large&#8220; hide_on_mobile=&#8220;&#8220;][\/vc_column][vc_column width=&#8220;1\/2&#8243;][vc_empty_space alter_height=&#8220;large&#8220; hide_on_mobile=&#8220;&#8220;][vc_single_image image=&#8220;1475&#8243; img_size=&#8220;full&#8220; [&hellip;]<\/p>\n","protected":false},"author":1,"featured_media":0,"parent":0,"menu_order":0,"comment_status":"closed","ping_status":"closed","template":"","meta":{"two_page_speed":[],"footnotes":""},"class_list":["post-1248","page","type-page","status-publish","hentry"],"translation":{"provider":"WPGlobus","version":"3.0.2","language":"de","enabled_languages":["pl","de"],"languages":{"pl":{"title":true,"content":true,"excerpt":false},"de":{"title":false,"content":false,"excerpt":false}}},"_links":{"self":[{"href":"https:\/\/oswiataberlin.de\/de\/wp-json\/wp\/v2\/pages\/1248","targetHints":{"allow":["GET"]}}],"collection":[{"href":"https:\/\/oswiataberlin.de\/de\/wp-json\/wp\/v2\/pages"}],"about":[{"href":"https:\/\/oswiataberlin.de\/de\/wp-json\/wp\/v2\/types\/page"}],"author":[{"embeddable":true,"href":"https:\/\/oswiataberlin.de\/de\/wp-json\/wp\/v2\/users\/1"}],"replies":[{"embeddable":true,"href":"https:\/\/oswiataberlin.de\/de\/wp-json\/wp\/v2\/comments?post=1248"}],"version-history":[{"count":25,"href":"https:\/\/oswiataberlin.de\/de\/wp-json\/wp\/v2\/pages\/1248\/revisions"}],"predecessor-version":[{"id":1790,"href":"https:\/\/oswiataberlin.de\/de\/wp-json\/wp\/v2\/pages\/1248\/revisions\/1790"}],"wp:attachment":[{"href":"https:\/\/oswiataberlin.de\/de\/wp-json\/wp\/v2\/media?parent=1248"}],"curies":[{"name":"wp","href":"https:\/\/api.w.org\/{rel}","templated":true}]}}